{"id":82,"date":"2023-10-04T08:18:57","date_gmt":"2023-10-04T06:18:57","guid":{"rendered":"https:\/\/elsabendhif.com\/?page_id=82"},"modified":"2024-09-01T13:34:07","modified_gmt":"2024-09-01T11:34:07","slug":"mentions-legales","status":"publish","type":"page","link":"https:\/\/elsabendhif.com\/index.php\/mentions-legales\/","title":{"rendered":"Mentions l\u00e9gales"},"content":{"rendered":"<h3>\u00c9diteur\u00b7rice du site :<\/h3>\n<p>Le pr\u00e9sent site est \u00e9dit\u00e9, h\u00e9berg\u00e9 et g\u00e9r\u00e9 par Elsa BENDHIF &#8211; EI, dont le si\u00e8ge social est situ\u00e9 au\u00a0 170 chemin du Tour des Roches, 97460 SAINT-PAUL.<\/p>\n<h3>Responsable de la Publication :<\/h3>\n<p><strong>Elsa BENDHIF &#8211; EI<br \/>\n<\/strong><\/p>\n<p>T\u00e9l\u00e9phone : +262 6 92 37 45 70<br \/>\nEmail : <a href=\"mailto:contact@elsabendhif.com\">contact@elsabendhif.com<\/a><a href=\"mailto:contact@elsabendhif.com\">\u00a0<\/a><\/p>\n<h3>H\u00e9bergement du site :<\/h3>\n<p><strong>OVH<\/strong> \u2013 si\u00e8ge social : 2 rue Kellermann, 59100 Roubaix.<\/p>\n","protected":false},"excerpt":{"rendered":"<p>\u00c9diteur\u00b7rice du site : Le pr\u00e9sent site est \u00e9dit\u00e9, h\u00e9berg\u00e9 et g\u00e9r\u00e9 par Elsa BENDHIF &#8211; EI, dont le si\u00e8ge social est situ\u00e9 au\u00a0 170 chemin du Tour des Roches, 97460 SAINT-PAUL. Responsable de la Publication : Elsa BENDHIF &#8211; EI T\u00e9l\u00e9phone : +262 6 92 37 45 70 Email : contact@elsabendhif.com\u00a0 H\u00e9bergement du site &hellip; <\/p>\n<p class=\"link-more\"><a href=\"https:\/\/elsabendhif.com\/index.php\/mentions-legales\/\" class=\"more-link\">Lire la suite de<span class=\"screen-reader-text\">\u00ab\u00a0Mentions l\u00e9gales\u00a0\u00bb<\/span><\/a><\/p>\n","protected":false},"author":1,"featured_media":0,"parent":0,"menu_order":0,"comment_status":"closed","ping_status":"closed","template":"","meta":{"footnotes":""},"class_list":["post-82","page","type-page","status-publish","hentry"],"_links":{"self":[{"href":"https:\/\/elsabendhif.com\/index.php\/wp-json\/wp\/v2\/pages\/82","targetHints":{"allow":["GET"]}}],"collection":[{"href":"https:\/\/elsabendhif.com\/index.php\/wp-json\/wp\/v2\/pages"}],"about":[{"href":"https:\/\/elsabendhif.com\/index.php\/wp-json\/wp\/v2\/types\/page"}],"author":[{"embeddable":true,"href":"https:\/\/elsabendhif.com\/index.php\/wp-json\/wp\/v2\/users\/1"}],"replies":[{"embeddable":true,"href":"https:\/\/elsabendhif.com\/index.php\/wp-json\/wp\/v2\/comments?post=82"}],"version-history":[{"count":3,"href":"https:\/\/elsabendhif.com\/index.php\/wp-json\/wp\/v2\/pages\/82\/revisions"}],"predecessor-version":[{"id":94,"href":"https:\/\/elsabendhif.com\/index.php\/wp-json\/wp\/v2\/pages\/82\/revisions\/94"}],"wp:attachment":[{"href":"https:\/\/elsabendhif.com\/index.php\/wp-json\/wp\/v2\/media?parent=82"}],"curies":[{"name":"wp","href":"https:\/\/api.w.org\/{rel}","templated":true}]}}