{"id":20,"date":"2023-09-26T14:33:56","date_gmt":"2023-09-26T12:33:56","guid":{"rendered":"https:\/\/elsabendhif.com\/?page_id=20"},"modified":"2025-08-09T04:25:42","modified_gmt":"2025-08-09T02:25:42","slug":"a-propos-de","status":"publish","type":"page","link":"https:\/\/elsabendhif.com\/index.php\/a-propos-de\/","title":{"rendered":"Pr\u00e9sentation"},"content":{"rendered":"<figure class=\"wp-block-image aligncenter size-full\" style=\"text-align: justify;\"><\/figure>\r\n<!-- \/wp:post-content -->\r\n\r\n<!-- wp:paragraph {\"style\":{\"spacing\":{\"padding\":{\"top\":\"0\",\"bottom\":\"0\",\"left\":\"0\",\"right\":\"0\"}}}} -->\r\n<p><img loading=\"lazy\" decoding=\"async\" class=\"aligncenter wp-image-110\" src=\"http:\/\/elsabendhif.com\/wp-content\/uploads\/2025\/08\/ELSABENDIFFCORP1124rushs-68-683x1024.jpg\" alt=\"\" width=\"500\" height=\"749\" srcset=\"https:\/\/elsabendhif.com\/wp-content\/uploads\/2025\/08\/ELSABENDIFFCORP1124rushs-68-683x1024.jpg 683w, https:\/\/elsabendhif.com\/wp-content\/uploads\/2025\/08\/ELSABENDIFFCORP1124rushs-68-200x300.jpg 200w, https:\/\/elsabendhif.com\/wp-content\/uploads\/2025\/08\/ELSABENDIFFCORP1124rushs-68-768x1151.jpg 768w, https:\/\/elsabendhif.com\/wp-content\/uploads\/2025\/08\/ELSABENDIFFCORP1124rushs-68-1025x1536.jpg 1025w, https:\/\/elsabendhif.com\/wp-content\/uploads\/2025\/08\/ELSABENDIFFCORP1124rushs-68-1366x2048.jpg 1366w, https:\/\/elsabendhif.com\/wp-content\/uploads\/2025\/08\/ELSABENDIFFCORP1124rushs-68-1568x2351.jpg 1568w, https:\/\/elsabendhif.com\/wp-content\/uploads\/2025\/08\/ELSABENDIFFCORP1124rushs-68-scaled.jpg 1708w\" sizes=\"auto, (max-width: 500px) 100vw, 500px\" \/><\/p>\r\n<p style=\"padding: 0px; text-align: justify;\"><span style=\"font-size: 14pt;\">Forte d\u2019un parcours de plus de 25 ans dans les musiques actuelles (<a href=\"https:\/\/www.lerif.org\/\">R\u00e9seau des Musiques Actuelles en \u00cele-de-France<\/a>, <a href=\"https:\/\/fgo-barbara.fr\/\">FGO-Barbara<\/a>, <a href=\"https:\/\/www.mainsdoeuvres.org\/\">Mains d&rsquo;\u0152uvres<\/a>, <a href=\"https:\/\/kabardock.com\/\">Kabardock<\/a>,\u2026), Elsa BENDHIF a travaill\u00e9 en ind\u00e9pendante pour plusieurs projets entre La R\u00e9union et la m\u00e9tropole.\u00a0<\/span><\/p>\r\n<p><span style=\"font-size: 14pt;\"><!-- \/wp:paragraph -->\r\n\r\n<!-- wp:paragraph --><\/span><\/p>\r\n<p style=\"text-align: justify;\"><span style=\"font-size: 14pt;\">Apr\u00e8s avoir occup\u00e9 des fonctions et des missions dans la communication, l\u2019accompagnement-ressources, la programmation, l\u2019administration et le pilotage de projets, elle propose \u00e0 pr\u00e9sent des prestations en ing\u00e9nierie culturelle, strat\u00e9gie de d\u00e9veloppement, conseil et administration pour des projets artistiques mais aussi pour des entreprises \u0153uvrant pour la structuration du secteur culturel et de l&rsquo;\u00e9conomie sociale et solidaire.\u00a0<\/span><\/p>\r\n<p><span style=\"font-size: 14pt;\"><!-- \/wp:paragraph -->\r\n\r\n<!-- wp:paragraph --><\/span><\/p>\r\n<p style=\"text-align: justify;\"><span style=\"font-size: 14pt;\">Elsa BENDHIF a obtenu un master de \u00ab\u00a0Direction de projets culturels\u00a0\u00bb \u00e0 l\u2019Institut d\u2019\u00c9tudes Politiques de Grenoble en partenariat avec <a href=\"https:\/\/www.observatoire-culture.net\/\">l\u2019Observatoire des Politiques Culturelles<\/a> en 2022 ainsi qu\u2019une certification de sp\u00e9cialisation en 2023 en \u00ab\u00a0Innovations sociales\u00a0: \u00e9conomie sociale et solidaire, \u00e9conomie plurielle et soci\u00e9t\u00e9 de services\u00a0\u00bb au CNAM \u2013 Paris en partenariat avec l\u2019<a href=\"https:\/\/www.ufisc.org\/\">Ufisc<\/a> et <a href=\"https:\/\/www.opale.asso.fr\/\">Opale<\/a>.<\/span><\/p>\r\n<p><span style=\"font-size: 14pt;\"><!-- \/wp:paragraph -->\r\n\r\n<!-- wp:paragraph --><\/span><\/p>\r\n<p style=\"text-align: justify;\"><span style=\"font-size: 14pt;\">Militante pour l\u2019\u00e9galit\u00e9 des genres dans le secteur des arts et de la culture, elle a r\u00e9dig\u00e9 un m\u00e9moire sur \u00ab\u00a0L\u2019acc\u00e8s des femmes aux postes de direction dans les salles de musiques actuelles en France\u00a0\u00bb en 2022. Elle est \u00e9galement \u00e0 l\u2019initiative de la cr\u00e9ation de l\u2019association <a href=\"https:\/\/www.facebook.com\/profile.php?id=100092527031758\">Mouvman FH+ R\u00e9union<\/a> qui s\u2019inscrit dans la lign\u00e9e de la <a href=\"https:\/\/www.mouvement-hf.org\/\">F\u00e9d\u00e9ration nationale Mouvement HF.<\/a>\u00a0<\/span><\/p>\r\n<p><span style=\"font-size: 14pt;\"><!-- \/wp:paragraph -->\r\n\r\n<!-- wp:paragraph --><\/span><\/p>\r\n<p style=\"text-align: justify;\"><span style=\"font-size: 14pt;\">Elsa BENDHIF a collabor\u00e9 avec le groupement d\u2019employeurs <a href=\"https:\/\/popburo.fr\/\">Pop B\u00fcro<\/a> bas\u00e9 dans la R\u00e9gion Grand Est et la <a href=\"http:\/\/federonslesgeculture.com\/\">FNGEC<\/a> (F\u00e9d\u00e9ration Nationale des Groupements d\u2019Employeurs Culture) et s&rsquo;int\u00e9resse \u00e0 la mutualisation de l\u2019emploi dans le secteur culturel, la formation, l\u2019insertion professionnelle et l\u2019\u00e9conomie sociale et solidaire.\u00a0<\/span><\/p>\r\n<p><span style=\"font-size: 14pt;\"><!-- \/wp:paragraph -->\r\n\r\n<!-- wp:paragraph --><\/span><\/p>\r\n<p style=\"text-align: justify;\"><span style=\"font-size: 14pt;\">Apr\u00e8s avoir pris la direction pendant un an et demi de l\u2019organisme de formation <a href=\"https:\/\/www.jeudiformation.re\/\">Jeudi Formation<\/a> qui forme des professionnel\u00b7le\u00b7s aux m\u00e9tiers cr\u00e9atifs et culturels \u00e0 La R\u00e9union et dans l&rsquo;oc\u00e9an Indien, Elsa BENDHIF <\/span><span style=\"font-size: 14pt;\">poursuit aujourd&rsquo;hui ses activit\u00e9s associatives et d\u2019ind\u00e9pendante dans le secteur des arts et de la culture.\u00a0<\/span><\/p>\r\n<p><span style=\"font-size: 14pt;\"><!-- \/wp:paragraph -->\r\n\r\n<!-- wp:paragraph --><\/span><\/p>\r\n<!-- \/wp:paragraph -->","protected":false},"excerpt":{"rendered":"<p>Forte d\u2019un parcours de plus de 25 ans dans les musiques actuelles (R\u00e9seau des Musiques Actuelles en \u00cele-de-France, FGO-Barbara, Mains d&rsquo;\u0152uvres, Kabardock,\u2026), Elsa BENDHIF a travaill\u00e9 en ind\u00e9pendante pour plusieurs projets entre La R\u00e9union et la m\u00e9tropole.\u00a0 Apr\u00e8s avoir occup\u00e9 des fonctions et des missions dans la communication, l\u2019accompagnement-ressources, la programmation, l\u2019administration et le pilotage &hellip; <\/p>\n<p class=\"link-more\"><a href=\"https:\/\/elsabendhif.com\/index.php\/a-propos-de\/\" class=\"more-link\">Lire la suite de<span class=\"screen-reader-text\">\u00ab\u00a0Pr\u00e9sentation\u00a0\u00bb<\/span><\/a><\/p>\n","protected":false},"author":1,"featured_media":0,"parent":0,"menu_order":0,"comment_status":"closed","ping_status":"closed","template":"","meta":{"footnotes":""},"class_list":["post-20","page","type-page","status-publish","hentry"],"_links":{"self":[{"href":"https:\/\/elsabendhif.com\/index.php\/wp-json\/wp\/v2\/pages\/20","targetHints":{"allow":["GET"]}}],"collection":[{"href":"https:\/\/elsabendhif.com\/index.php\/wp-json\/wp\/v2\/pages"}],"about":[{"href":"https:\/\/elsabendhif.com\/index.php\/wp-json\/wp\/v2\/types\/page"}],"author":[{"embeddable":true,"href":"https:\/\/elsabendhif.com\/index.php\/wp-json\/wp\/v2\/users\/1"}],"replies":[{"embeddable":true,"href":"https:\/\/elsabendhif.com\/index.php\/wp-json\/wp\/v2\/comments?post=20"}],"version-history":[{"count":16,"href":"https:\/\/elsabendhif.com\/index.php\/wp-json\/wp\/v2\/pages\/20\/revisions"}],"predecessor-version":[{"id":122,"href":"https:\/\/elsabendhif.com\/index.php\/wp-json\/wp\/v2\/pages\/20\/revisions\/122"}],"wp:attachment":[{"href":"https:\/\/elsabendhif.com\/index.php\/wp-json\/wp\/v2\/media?parent=20"}],"curies":[{"name":"wp","href":"https:\/\/api.w.org\/{rel}","templated":true}]}}